{"id":4411,"date":"2019-06-10T16:29:20","date_gmt":"2019-06-10T16:29:20","guid":{"rendered":"https:\/\/www.csogffhub.org\/eventos\/"},"modified":"2023-03-24T22:45:54","modified_gmt":"2023-03-24T22:45:54","slug":"eventos","status":"publish","type":"page","link":"https:\/\/www.csogffhub.org\/es\/eventos\/","title":{"rendered":"Eventos"},"content":{"rendered":"\t\t<div data-elementor-type=\"wp-post\" data-elementor-id=\"4411\" class=\"elementor elementor-4411 elementor-685\" data-elementor-post-type=\"page\">\n\t\t\t\t\t\t<section class=\"elementor-section elementor-top-section elementor-element elementor-element-7a021af elementor-section-full_width elementor-section-height-default elementor-section-height-default\" data-id=\"7a021af\" data-element_type=\"section\" data-settings=\"{&quot;background_background&quot;:&quot;classic&quot;}\">\n\t\t\t\t\t\t<div class=\"elementor-container elementor-column-gap-default\">\n\t\t\t\t\t<div class=\"elementor-column elementor-col-100 elementor-top-column elementor-element elementor-element-966caee\" data-id=\"966caee\" data-element_type=\"column\">\n\t\t\t<div class=\"elementor-widget-wrap elementor-element-populated\">\n\t\t\t\t\t\t<div class=\"elementor-element elementor-element-a7a7a09 elementor-widget elementor-widget-heading\" data-id=\"a7a7a09\" data-element_type=\"widget\" data-widget_type=\"heading.default\">\n\t\t\t\t<div class=\"elementor-widget-container\">\n\t\t\t\t\t<h1 class=\"elementor-heading-title elementor-size-default\">Eventos<\/h1>\t\t\t\t<\/div>\n\t\t\t\t<\/div>\n\t\t\t\t<div class=\"elementor-element elementor-element-50e036c elementor-widget-divider--view-line elementor-widget elementor-widget-divider\" data-id=\"50e036c\" data-element_type=\"widget\" data-widget_type=\"divider.default\">\n\t\t\t\t<div class=\"elementor-widget-container\">\n\t\t\t\t\t\t\t<div class=\"elementor-divider\">\n\t\t\t<span class=\"elementor-divider-separator\">\n\t\t\t\t\t\t<\/span>\n\t\t<\/div>\n\t\t\t\t\t\t<\/div>\n\t\t\t\t<\/div>\n\t\t\t\t<div class=\"elementor-element elementor-element-5f76915 elementor-widget__width-initial elementor-widget elementor-widget-text-editor\" data-id=\"5f76915\" data-element_type=\"widget\" data-widget_type=\"text-editor.default\">\n\t\t\t\t<div class=\"elementor-widget-container\">\n\t\t\t\t\t\t\t\t\t<p>El Centro re\u00fane a organizaciones de la sociedad civil que trabajan en salud y nutrici\u00f3n sexual, reproductiva, materna, neonatal, infantil y adolescente de pa\u00edses GFF. Vea una lista de eventos a continuaci\u00f3n organizados para la sociedad civil en los pa\u00edses del GFF.<\/p>\n\t\t\t\t\t\t\t\t<\/div>\n\t\t\t\t<\/div>\n\t\t\t\t\t<\/div>\n\t\t<\/div>\n\t\t\t\t\t<\/div>\n\t\t<\/section>\n\t\t\t\t<section class=\"elementor-section elementor-top-section elementor-element elementor-element-472d3e8 elementor-section-boxed elementor-section-height-default elementor-section-height-default\" data-id=\"472d3e8\" data-element_type=\"section\">\n\t\t\t\t\t\t<div class=\"elementor-container elementor-column-gap-default\">\n\t\t\t\t\t<div class=\"elementor-column elementor-col-100 elementor-top-column elementor-element elementor-element-5cb0bd2\" data-id=\"5cb0bd2\" data-element_type=\"column\">\n\t\t\t<div class=\"elementor-widget-wrap elementor-element-populated\">\n\t\t\t\t\t\t\t<\/div>\n\t\t<\/div>\n\t\t\t\t\t<\/div>\n\t\t<\/section>\n\t\t\t\t<section class=\"elementor-section elementor-top-section elementor-element elementor-element-4d011ed elementor-section-boxed elementor-section-height-default elementor-section-height-default\" data-id=\"4d011ed\" data-element_type=\"section\">\n\t\t\t\t\t\t<div class=\"elementor-container elementor-column-gap-default\">\n\t\t\t\t\t<div class=\"elementor-column elementor-col-100 elementor-top-column elementor-element elementor-element-0e1c84a\" data-id=\"0e1c84a\" data-element_type=\"column\">\n\t\t\t<div class=\"elementor-widget-wrap elementor-element-populated\">\n\t\t\t\t\t\t<div class=\"elementor-element elementor-element-8314e2c elementor-widget elementor-widget-text-editor\" data-id=\"8314e2c\" data-element_type=\"widget\" data-widget_type=\"text-editor.default\">\n\t\t\t\t<div class=\"elementor-widget-container\">\n\t\t\t\t\t\t\t\t\t<div class=\"mec-wrap mec-skin-list-container  \" id=\"mec_skin_663\">\n    \n    <div id=\"mec_search_form_663\" class=\"mec-search-form mec-totalcal-box\"><div class=\"mec-dropdown-wrap\"><div class=\"mec-dropdown-search\"><i class=\"mec-sl-folder\"><\/i><select name=' ' id='mec_sf_category_663' class='postform'>\n\t<option value='' selected='selected'>Categor\u00eda<\/option>\n<\/select>\n<\/div><\/div><div class=\"mec-text-input-search\"><i class=\"mec-sl-magnifier\"><\/i>\n                    <input type=\"search\" value=\"\" id=\"mec_sf_s_663\" placeholder=\"\" \/>\n                <\/div><\/div>\n        <div class=\"mec-skin-list-events-container\" id=\"mec_skin_events_663\">\n        \u00a1No hay eventos!    <\/div>\n        \n        \n<\/div>\n\t\t\t\t\t\t\t\t<\/div>\n\t\t\t\t<\/div>\n\t\t\t\t\t<\/div>\n\t\t<\/div>\n\t\t\t\t\t<\/div>\n\t\t<\/section>\n\t\t\t\t<\/div>\n\t\t","protected":false},"excerpt":{"rendered":"<p>Eventos El Centro re\u00fane a organizaciones de la sociedad civil que trabajan en salud y nutrici\u00f3n sexual, reproductiva, materna, neonatal, infantil y adolescente de pa\u00edses GFF. Vea una lista de eventos a continuaci\u00f3n organizados para la sociedad civil en los pa\u00edses del GFF.<\/p>\n","protected":false},"author":2,"featured_media":0,"parent":0,"menu_order":0,"comment_status":"closed","ping_status":"closed","template":"elementor_header_footer","meta":{"_acf_changed":false,"_monsterinsights_skip_tracking":false,"_monsterinsights_sitenote_active":false,"_monsterinsights_sitenote_note":"","_monsterinsights_sitenote_category":0,"footnotes":"","_links_to":"","_links_to_target":""},"tags":[],"class_list":["post-4411","page","type-page","status-publish","hentry"],"acf":[],"yoast_head":"<!-- This site is optimized with the Yoast SEO plugin v27.4 - https:\/\/yoast.com\/product\/yoast-seo-wordpress\/ -->\n<title>Eventos - GFF Hub<\/title>\n<meta name=\"robots\" content=\"index, follow, max-snippet:-1, max-image-preview:large, max-video-preview:-1\" \/>\n<link rel=\"canonical\" href=\"https:\/\/www.csogffhub.org\/es\/eventos\/\" \/>\n<meta property=\"og:locale\" content=\"es_ES\" \/>\n<meta property=\"og:type\" content=\"article\" \/>\n<meta property=\"og:title\" content=\"Eventos - GFF Hub\" \/>\n<meta property=\"og:description\" content=\"Eventos El Centro re\u00fane a organizaciones de la sociedad civil que trabajan en salud y nutrici\u00f3n sexual, reproductiva, materna, neonatal, infantil y adolescente de pa\u00edses GFF. Vea una lista de eventos a continuaci\u00f3n organizados para la sociedad civil en los pa\u00edses del GFF.\" \/>\n<meta property=\"og:url\" content=\"https:\/\/www.csogffhub.org\/es\/eventos\/\" \/>\n<meta property=\"og:site_name\" content=\"GFF Hub\" \/>\n<meta property=\"article:modified_time\" content=\"2023-03-24T22:45:54+00:00\" \/>\n<meta name=\"twitter:card\" content=\"summary_large_image\" \/>\n<script type=\"application\/ld+json\" class=\"yoast-schema-graph\">{\"@context\":\"https:\\\/\\\/schema.org\",\"@graph\":[{\"@type\":\"WebPage\",\"@id\":\"https:\\\/\\\/www.csogffhub.org\\\/es\\\/eventos\\\/\",\"url\":\"https:\\\/\\\/www.csogffhub.org\\\/es\\\/eventos\\\/\",\"name\":\"Eventos - GFF Hub\",\"isPartOf\":{\"@id\":\"https:\\\/\\\/www.csogffhub.org\\\/es\\\/#website\"},\"datePublished\":\"2019-06-10T16:29:20+00:00\",\"dateModified\":\"2023-03-24T22:45:54+00:00\",\"breadcrumb\":{\"@id\":\"https:\\\/\\\/www.csogffhub.org\\\/es\\\/eventos\\\/#breadcrumb\"},\"inLanguage\":\"es\",\"potentialAction\":[{\"@type\":\"ReadAction\",\"target\":[\"https:\\\/\\\/www.csogffhub.org\\\/es\\\/eventos\\\/\"]}]},{\"@type\":\"BreadcrumbList\",\"@id\":\"https:\\\/\\\/www.csogffhub.org\\\/es\\\/eventos\\\/#breadcrumb\",\"itemListElement\":[{\"@type\":\"ListItem\",\"position\":1,\"name\":\"Home\",\"item\":\"https:\\\/\\\/www.csogffhub.org\\\/es\\\/\"},{\"@type\":\"ListItem\",\"position\":2,\"name\":\"Eventos\"}]},{\"@type\":\"WebSite\",\"@id\":\"https:\\\/\\\/www.csogffhub.org\\\/es\\\/#website\",\"url\":\"https:\\\/\\\/www.csogffhub.org\\\/es\\\/\",\"name\":\"GFF Hub\",\"description\":\"\",\"publisher\":{\"@id\":\"https:\\\/\\\/www.csogffhub.org\\\/es\\\/#organization\"},\"potentialAction\":[{\"@type\":\"SearchAction\",\"target\":{\"@type\":\"EntryPoint\",\"urlTemplate\":\"https:\\\/\\\/www.csogffhub.org\\\/es\\\/?s={search_term_string}\"},\"query-input\":{\"@type\":\"PropertyValueSpecification\",\"valueRequired\":true,\"valueName\":\"search_term_string\"}}],\"inLanguage\":\"es\"},{\"@type\":\"Organization\",\"@id\":\"https:\\\/\\\/www.csogffhub.org\\\/es\\\/#organization\",\"name\":\"GFF Hub\",\"url\":\"https:\\\/\\\/www.csogffhub.org\\\/es\\\/\",\"logo\":{\"@type\":\"ImageObject\",\"inLanguage\":\"es\",\"@id\":\"https:\\\/\\\/www.csogffhub.org\\\/es\\\/#\\\/schema\\\/logo\\\/image\\\/\",\"url\":\"https:\\\/\\\/www.csogffhub.org\\\/wp-content\\\/uploads\\\/2023\\\/04\\\/gff-cso-logo-1.png\",\"contentUrl\":\"https:\\\/\\\/www.csogffhub.org\\\/wp-content\\\/uploads\\\/2023\\\/04\\\/gff-cso-logo-1.png\",\"width\":1245,\"height\":734,\"caption\":\"GFF Hub\"},\"image\":{\"@id\":\"https:\\\/\\\/www.csogffhub.org\\\/es\\\/#\\\/schema\\\/logo\\\/image\\\/\"}}]}<\/script>\n<!-- \/ Yoast SEO plugin. -->","yoast_head_json":{"title":"Eventos - GFF Hub","robots":{"index":"index","follow":"follow","max-snippet":"max-snippet:-1","max-image-preview":"max-image-preview:large","max-video-preview":"max-video-preview:-1"},"canonical":"https:\/\/www.csogffhub.org\/es\/eventos\/","og_locale":"es_ES","og_type":"article","og_title":"Eventos - GFF Hub","og_description":"Eventos El Centro re\u00fane a organizaciones de la sociedad civil que trabajan en salud y nutrici\u00f3n sexual, reproductiva, materna, neonatal, infantil y adolescente de pa\u00edses GFF. Vea una lista de eventos a continuaci\u00f3n organizados para la sociedad civil en los pa\u00edses del GFF.","og_url":"https:\/\/www.csogffhub.org\/es\/eventos\/","og_site_name":"GFF Hub","article_modified_time":"2023-03-24T22:45:54+00:00","twitter_card":"summary_large_image","schema":{"@context":"https:\/\/schema.org","@graph":[{"@type":"WebPage","@id":"https:\/\/www.csogffhub.org\/es\/eventos\/","url":"https:\/\/www.csogffhub.org\/es\/eventos\/","name":"Eventos - GFF Hub","isPartOf":{"@id":"https:\/\/www.csogffhub.org\/es\/#website"},"datePublished":"2019-06-10T16:29:20+00:00","dateModified":"2023-03-24T22:45:54+00:00","breadcrumb":{"@id":"https:\/\/www.csogffhub.org\/es\/eventos\/#breadcrumb"},"inLanguage":"es","potentialAction":[{"@type":"ReadAction","target":["https:\/\/www.csogffhub.org\/es\/eventos\/"]}]},{"@type":"BreadcrumbList","@id":"https:\/\/www.csogffhub.org\/es\/eventos\/#breadcrumb","itemListElement":[{"@type":"ListItem","position":1,"name":"Home","item":"https:\/\/www.csogffhub.org\/es\/"},{"@type":"ListItem","position":2,"name":"Eventos"}]},{"@type":"WebSite","@id":"https:\/\/www.csogffhub.org\/es\/#website","url":"https:\/\/www.csogffhub.org\/es\/","name":"GFF Hub","description":"","publisher":{"@id":"https:\/\/www.csogffhub.org\/es\/#organization"},"potentialAction":[{"@type":"SearchAction","target":{"@type":"EntryPoint","urlTemplate":"https:\/\/www.csogffhub.org\/es\/?s={search_term_string}"},"query-input":{"@type":"PropertyValueSpecification","valueRequired":true,"valueName":"search_term_string"}}],"inLanguage":"es"},{"@type":"Organization","@id":"https:\/\/www.csogffhub.org\/es\/#organization","name":"GFF Hub","url":"https:\/\/www.csogffhub.org\/es\/","logo":{"@type":"ImageObject","inLanguage":"es","@id":"https:\/\/www.csogffhub.org\/es\/#\/schema\/logo\/image\/","url":"https:\/\/www.csogffhub.org\/wp-content\/uploads\/2023\/04\/gff-cso-logo-1.png","contentUrl":"https:\/\/www.csogffhub.org\/wp-content\/uploads\/2023\/04\/gff-cso-logo-1.png","width":1245,"height":734,"caption":"GFF Hub"},"image":{"@id":"https:\/\/www.csogffhub.org\/es\/#\/schema\/logo\/image\/"}}]}},"_links":{"self":[{"href":"https:\/\/www.csogffhub.org\/es\/wp-json\/wp\/v2\/pages\/4411","targetHints":{"allow":["GET"]}}],"collection":[{"href":"https:\/\/www.csogffhub.org\/es\/wp-json\/wp\/v2\/pages"}],"about":[{"href":"https:\/\/www.csogffhub.org\/es\/wp-json\/wp\/v2\/types\/page"}],"author":[{"embeddable":true,"href":"https:\/\/www.csogffhub.org\/es\/wp-json\/wp\/v2\/users\/2"}],"replies":[{"embeddable":true,"href":"https:\/\/www.csogffhub.org\/es\/wp-json\/wp\/v2\/comments?post=4411"}],"version-history":[{"count":0,"href":"https:\/\/www.csogffhub.org\/es\/wp-json\/wp\/v2\/pages\/4411\/revisions"}],"wp:attachment":[{"href":"https:\/\/www.csogffhub.org\/es\/wp-json\/wp\/v2\/media?parent=4411"}],"wp:term":[{"taxonomy":"post_tag","embeddable":true,"href":"https:\/\/www.csogffhub.org\/es\/wp-json\/wp\/v2\/tags?post=4411"}],"curies":[{"name":"wp","href":"https:\/\/api.w.org\/{rel}","templated":true}]}}