{"id":4413,"date":"2019-06-09T15:44:34","date_gmt":"2019-06-09T15:44:34","guid":{"rendered":"https:\/\/www.csogffhub.org\/ultimas-noticias\/"},"modified":"2023-03-24T22:45:38","modified_gmt":"2023-03-24T22:45:38","slug":"ultimas-noticias","status":"publish","type":"page","link":"https:\/\/www.csogffhub.org\/es\/ultimas-noticias\/","title":{"rendered":"\u00daltimas Noticias"},"content":{"rendered":"\t\t<div data-elementor-type=\"wp-post\" data-elementor-id=\"4413\" class=\"elementor elementor-4413 elementor-647\" data-elementor-post-type=\"page\">\n\t\t\t\t\t\t<section class=\"elementor-section elementor-top-section elementor-element elementor-element-92651e3 blue-cta elementor-section-boxed elementor-section-height-default elementor-section-height-default\" data-id=\"92651e3\" data-element_type=\"section\">\n\t\t\t\t\t\t<div class=\"elementor-container elementor-column-gap-default\">\n\t\t\t\t\t<div class=\"elementor-column elementor-col-100 elementor-top-column elementor-element elementor-element-d612985\" data-id=\"d612985\" data-element_type=\"column\">\n\t\t\t<div class=\"elementor-widget-wrap elementor-element-populated\">\n\t\t\t\t\t\t<div class=\"elementor-element elementor-element-a11885c h-landmark elementor-widget elementor-widget-heading\" data-id=\"a11885c\" data-element_type=\"widget\" data-widget_type=\"heading.default\">\n\t\t\t\t<div class=\"elementor-widget-container\">\n\t\t\t\t\t<h1 class=\"elementor-heading-title elementor-size-xl\">\u00daltimas Noticias<\/h1>\t\t\t\t<\/div>\n\t\t\t\t<\/div>\n\t\t\t\t<div class=\"elementor-element elementor-element-ebe4565 elementor-widget elementor-widget-global elementor-global-5350 elementor-global-1260 elementor-widget-html\" data-id=\"ebe4565\" data-element_type=\"widget\" data-widget_type=\"html.default\">\n\t\t\t\t<div class=\"elementor-widget-container\">\n\t\t\t\t\t\n          <hr class=\"yellow\">\n        \t\t\t\t<\/div>\n\t\t\t\t<\/div>\n\t\t\t\t\t<\/div>\n\t\t<\/div>\n\t\t\t\t\t<\/div>\n\t\t<\/section>\n\t\t\t\t<section class=\"elementor-section elementor-top-section elementor-element elementor-element-cd7462b elementor-section-full_width elementor-section-height-default elementor-section-height-default\" data-id=\"cd7462b\" data-element_type=\"section\">\n\t\t\t\t\t\t<div class=\"elementor-container elementor-column-gap-default\">\n\t\t\t\t\t<div class=\"elementor-column elementor-col-100 elementor-top-column elementor-element elementor-element-8616374\" data-id=\"8616374\" data-element_type=\"column\">\n\t\t\t<div class=\"elementor-widget-wrap elementor-element-populated\">\n\t\t\t\t\t\t<section class=\"elementor-section elementor-inner-section elementor-element elementor-element-e414faf elementor-section-boxed elementor-section-height-default elementor-section-height-default\" data-id=\"e414faf\" data-element_type=\"section\">\n\t\t\t\t\t\t<div class=\"elementor-container elementor-column-gap-default\">\n\t\t\t\t\t<div class=\"elementor-column elementor-col-100 elementor-inner-column elementor-element elementor-element-644527e\" data-id=\"644527e\" data-element_type=\"column\">\n\t\t\t<div class=\"elementor-widget-wrap elementor-element-populated\">\n\t\t\t\t\t\t<div class=\"elementor-element elementor-element-747ab5f elementor-widget elementor-widget-wp-widget-wpgb_facet\" data-id=\"747ab5f\" data-element_type=\"widget\" data-widget_type=\"wp-widget-wpgb_facet.default\">\n\t\t\t\t<div class=\"elementor-widget-container\">\n\t\t\t\t\t<div class=\"wpgb-facet wpgb-loading wpgb-facet-5\" data-facet=\"5\" data-grid=\"2\"><\/div>\t\t\t\t<\/div>\n\t\t\t\t<\/div>\n\t\t\t\t\t<\/div>\n\t\t<\/div>\n\t\t\t\t\t<\/div>\n\t\t<\/section>\n\t\t\t\t<div class=\"elementor-element elementor-element-cc8df10 news-grid elementor-widget elementor-widget-shortcode\" data-id=\"cc8df10\" data-element_type=\"widget\" data-widget_type=\"shortcode.default\">\n\t\t\t\t<div class=\"elementor-widget-container\">\n\t\t\t\t\t\t\t<div class=\"elementor-shortcode\">\n          <!-- Gridbuilder \u1d42\u1d3e Plugin (https:\/\/wpgridbuilder.com) -->\n<div class=\"wp-grid-builder wpgb-grid-2\" data-options=\"{&quot;id&quot;:2,&quot;type&quot;:&quot;metro&quot;,&quot;layout&quot;:&quot;vertical&quot;,&quot;cardSizes&quot;:{&quot;9999&quot;:{&quot;columns&quot;:4,&quot;height&quot;:240,&quot;gutter&quot;:4,&quot;ratio&quot;:&quot;0.75000&quot;},&quot;1300&quot;:{&quot;columns&quot;:3,&quot;height&quot;:240,&quot;gutter&quot;:4,&quot;ratio&quot;:&quot;1.33333&quot;},&quot;1200&quot;:{&quot;columns&quot;:2,&quot;height&quot;:220,&quot;gutter&quot;:1,&quot;ratio&quot;:&quot;1.33333&quot;},&quot;915&quot;:{&quot;columns&quot;:1,&quot;height&quot;:220,&quot;gutter&quot;:1,&quot;ratio&quot;:&quot;1.33333&quot;},&quot;576&quot;:{&quot;columns&quot;:1,&quot;height&quot;:200,&quot;gutter&quot;:1,&quot;ratio&quot;:&quot;1.33333&quot;},&quot;320&quot;:{&quot;columns&quot;:1,&quot;height&quot;:200,&quot;gutter&quot;:1,&quot;ratio&quot;:&quot;1.33333&quot;}},&quot;transitionDelay&quot;:100,&quot;rowsNumber&quot;:1,&quot;slideAlign&quot;:&quot;left&quot;,&quot;groupCells&quot;:1,&quot;freeFriction&quot;:&quot;0.075&quot;,&quot;friction&quot;:&quot;0.285&quot;,&quot;attraction&quot;:&quot;0.025&quot;,&quot;pageDotAriaLabel&quot;:&quot;Page dot %d&quot;}\"><div class=\"wpgb-svg-icons\"><svg viewBox=\"0 0 120 24\" width=\"0\" height=\"0\">\n\t<defs>\n        <polygon id=\"wpgb-star-svg\" points=\"12 2.5 15.1 8.8 22 9.8 17 14.6 18.2 21.5 12 18.3 5.8 21.5 7 14.6 2 9.8 8.9 8.8\"><\/polygon>\n    <\/defs>\n    <symbol id=\"wpgb-rating-stars-svg\">\n        <use xlink:href=\"#wpgb-star-svg\"><\/use>\n        <use xlink:href=\"#wpgb-star-svg\" x=\"24\"><\/use>\n        <use xlink:href=\"#wpgb-star-svg\" x=\"48\"><\/use>\n        <use xlink:href=\"#wpgb-star-svg\" x=\"72\"><\/use>\n        <use xlink:href=\"#wpgb-star-svg\" x=\"96\"><\/use>\n    <\/symbol>\n<\/svg>\n<\/div>\n<div class=\"wpgb-wrapper\">\n\t<div class=\"wpgb-main\">\n\t<div class=\"wpgb-layout\">\n\t<div class=\"wpgb-viewport\">\n\t\t<div class=\"wpgb-metro\">\n\t\t\t<article class=\"wpgb-card wpgb-card-4 wpgb-post-5311\" data-col=\"1\" data-row=\"1\" data-format=\"standard\" data-nothumb><div class=\"wpgb-card-wrapper\"><div class=\"wpgb-card-inner\"><div class=\"wpgb-card-media wpgb-scheme-light\" data-action><div class=\"wpgb-card-media-overlay\"><\/div><div class=\"wpgb-card-media-content\"><div class=\"wpgb-card-media-content-top\"><time class=\"wpgb-block-1\">May 2024<\/time><span class=\"wpgb-block-3\"><span class=\"wpgb-block-term\" data-id=\"322\">Sin categorizar<\/span><\/span><\/div><div class=\"wpgb-card-media-content-center\"><h2 class=\"wpgb-block-2\"><a href=\"https:\/\/www.csogffhub.org\/es\/1715362870\/\/\/oportunidad-de-financiamiento-programa-de-subvenciones-para-defensores-del-medio-ambiente-de-usaid-ilrg-ii\/\">Oportunidad de financiamiento: Programa de Subvenciones para Defensores del Medio Ambiente de USAID ILRG II<\/a><\/h2><\/div><div class=\"wpgb-card-media-content-bottom\"><p class=\"wpgb-block-4 latest-news-btn wpgb-idle-scheme-1 wpgb-hover-accent-1\"><a href=\"https:\/\/www.csogffhub.org\/es\/1715362870\/\/\/oportunidad-de-financiamiento-programa-de-subvenciones-para-defensores-del-medio-ambiente-de-usaid-ilrg-ii\/\">View<\/a><\/p><\/div><\/div><\/div><\/div><\/div><\/article><article class=\"wpgb-card wpgb-card-4 wpgb-post-5319\" data-col=\"1\" data-row=\"1\" data-format=\"standard\" data-nothumb><div class=\"wpgb-card-wrapper\"><div class=\"wpgb-card-inner\"><div class=\"wpgb-card-media wpgb-scheme-light\" data-action><div class=\"wpgb-card-media-overlay\"><\/div><div class=\"wpgb-card-media-content\"><div class=\"wpgb-card-media-content-top\"><time class=\"wpgb-block-1\">Abr 2024<\/time><span class=\"wpgb-block-3\"><span class=\"wpgb-block-term\" data-id=\"445\">GFF<\/span><span>, <\/span><span class=\"wpgb-block-term\" data-id=\"329\">Salud y derechos sexuales y reproductivos<\/span><span>, <\/span><span class=\"wpgb-block-term\" data-id=\"446\">SRMNCAH-N<\/span><\/span><\/div><div class=\"wpgb-card-media-content-center\"><h2 class=\"wpgb-block-2\"><a href=\"https:\/\/www.csogffhub.org\/es\/1712474747\/\/\/analisis-de-la-priorizacion-de-la-salud-y-los-derechos-sexuales-y-reproductivos-en-determinados-paises-del-gff\/\">An\u00e1lisis de la priorizaci\u00f3n de la salud y los derechos sexuales y reproductivos en determinados pa\u00edses del GFF<\/a><\/h2><\/div><div class=\"wpgb-card-media-content-bottom\"><p class=\"wpgb-block-4 latest-news-btn wpgb-idle-scheme-1 wpgb-hover-accent-1\"><a href=\"https:\/\/www.csogffhub.org\/es\/1712474747\/\/\/analisis-de-la-priorizacion-de-la-salud-y-los-derechos-sexuales-y-reproductivos-en-determinados-paises-del-gff\/\">View<\/a><\/p><\/div><\/div><\/div><\/div><\/div><\/article><article class=\"wpgb-card wpgb-card-4 wpgb-post-5267\" data-col=\"1\" data-row=\"1\" data-format=\"standard\" data-nothumb><div class=\"wpgb-card-wrapper\"><div class=\"wpgb-card-inner\"><div class=\"wpgb-card-media wpgb-scheme-light\" data-action><div class=\"wpgb-card-media-overlay\"><\/div><div class=\"wpgb-card-media-content\"><div class=\"wpgb-card-media-content-top\"><time class=\"wpgb-block-1\">Mar 2024<\/time><span class=\"wpgb-block-3\"><span class=\"wpgb-block-term\" data-id=\"445\">GFF<\/span><span>, <\/span><span class=\"wpgb-block-term\" data-id=\"448\">Movilizaci\u00f3n de recursos<\/span><span>, <\/span><span class=\"wpgb-block-term\" data-id=\"411\">Movilizaci\u00f3n de recursos internos<\/span><span>, <\/span><span class=\"wpgb-block-term\" data-id=\"328\">Participaci\u00f3n de adolescentes y j\u00f3venes<\/span><span>, <\/span><span class=\"wpgb-block-term\" data-id=\"327\">Sociedad civil<\/span><\/span><\/div><div class=\"wpgb-card-media-content-center\"><h2 class=\"wpgb-block-2\"><a href=\"https:\/\/www.csogffhub.org\/es\/1711076199\/\/\/gff-ong-organizan-una-sesion-de-capacitacion-construyendo-un-taller-de-estrategia-de-comunicacion\/\">GFF ONG organizan una sesi\u00f3n de capacitaci\u00f3n: Construyendo un taller de estrategia de comunicaci\u00f3n<\/a><\/h2><\/div><div class=\"wpgb-card-media-content-bottom\"><p class=\"wpgb-block-4 latest-news-btn wpgb-idle-scheme-1 wpgb-hover-accent-1\"><a href=\"https:\/\/www.csogffhub.org\/es\/1711076199\/\/\/gff-ong-organizan-una-sesion-de-capacitacion-construyendo-un-taller-de-estrategia-de-comunicacion\/\">View<\/a><\/p><\/div><\/div><\/div><\/div><\/div><\/article><article class=\"wpgb-card wpgb-card-4 wpgb-post-5252\" data-col=\"1\" data-row=\"1\" data-format=\"standard\" data-nothumb><div class=\"wpgb-card-wrapper\"><div class=\"wpgb-card-inner\"><div class=\"wpgb-card-media wpgb-scheme-light\" data-action><div class=\"wpgb-card-media-overlay\"><\/div><div class=\"wpgb-card-media-content\"><div class=\"wpgb-card-media-content-top\"><time class=\"wpgb-block-1\">Mar 2024<\/time><span class=\"wpgb-block-3\"><span class=\"wpgb-block-term\" data-id=\"380\">Financiaci\u00f3n basada en los resultados<\/span><span>, <\/span><span class=\"wpgb-block-term\" data-id=\"445\">GFF<\/span><span>, <\/span><span class=\"wpgb-block-term\" data-id=\"450\">Sociedad civil y juventud<\/span><span>, <\/span><span class=\"wpgb-block-term\" data-id=\"446\">SRMNCAH-N<\/span><\/span><\/div><div class=\"wpgb-card-media-content-center\"><h2 class=\"wpgb-block-2\"><a href=\"https:\/\/www.csogffhub.org\/es\/1709736626\/\/\/seminario-web-de-la-agenda-de-accion-de-cscg-post-ig17-y-2024\/\">CSCG Post-IG17, Lectura del Taller Anual 2023 y Seminario Web de la Agenda de Acci\u00f3n 2024<\/a><\/h2><\/div><div class=\"wpgb-card-media-content-bottom\"><p class=\"wpgb-block-4 latest-news-btn wpgb-idle-scheme-1 wpgb-hover-accent-1\"><a href=\"https:\/\/www.csogffhub.org\/es\/1709736626\/\/\/seminario-web-de-la-agenda-de-accion-de-cscg-post-ig17-y-2024\/\">View<\/a><\/p><\/div><\/div><\/div><\/div><\/div><\/article><article class=\"wpgb-card wpgb-card-4 wpgb-post-5249\" data-col=\"1\" data-row=\"1\" data-format=\"standard\" data-nothumb><div class=\"wpgb-card-wrapper\"><div class=\"wpgb-card-inner\"><div class=\"wpgb-card-media wpgb-scheme-light\" data-action><div class=\"wpgb-card-media-overlay\"><\/div><div class=\"wpgb-card-media-content\"><div class=\"wpgb-card-media-content-top\"><time class=\"wpgb-block-1\">Feb 2024<\/time><span class=\"wpgb-block-3\"><span class=\"wpgb-block-term\" data-id=\"445\">GFF<\/span><span>, <\/span><span class=\"wpgb-block-term\" data-id=\"322\">Sin categorizar<\/span><span>, <\/span><span class=\"wpgb-block-term\" data-id=\"327\">Sociedad civil<\/span><span>, <\/span><span class=\"wpgb-block-term\" data-id=\"450\">Sociedad civil y juventud<\/span><\/span><\/div><div class=\"wpgb-card-media-content-center\"><h2 class=\"wpgb-block-2\"><a href=\"https:\/\/www.csogffhub.org\/es\/1707486667\/\/\/5249\/\">Le CSCG acceuille de nouveaux\u00b7lles dirigeant\u00b7es. Elecciones 2023 y 2024 du CSCG<\/a><\/h2><\/div><div class=\"wpgb-card-media-content-bottom\"><p class=\"wpgb-block-4 latest-news-btn wpgb-idle-scheme-1 wpgb-hover-accent-1\"><a href=\"https:\/\/www.csogffhub.org\/es\/1707486667\/\/\/5249\/\">View<\/a><\/p><\/div><\/div><\/div><\/div><\/div><\/article><article class=\"wpgb-card wpgb-card-4 wpgb-post-5211\" data-col=\"1\" data-row=\"1\" data-format=\"standard\" data-nothumb><div class=\"wpgb-card-wrapper\"><div class=\"wpgb-card-inner\"><div class=\"wpgb-card-media wpgb-scheme-light\" data-action><div class=\"wpgb-card-media-overlay\"><\/div><div class=\"wpgb-card-media-content\"><div class=\"wpgb-card-media-content-top\"><time class=\"wpgb-block-1\">Nov 2023<\/time><span class=\"wpgb-block-3\"><span class=\"wpgb-block-term\" data-id=\"322\">Sin categorizar<\/span><\/span><\/div><div class=\"wpgb-card-media-content-center\"><h2 class=\"wpgb-block-2\"><a href=\"https:\/\/www.csogffhub.org\/es\/1700062042\/\/\/3fhi-uganda\/\">3FHi, Uganda<\/a><\/h2><\/div><div class=\"wpgb-card-media-content-bottom\"><p class=\"wpgb-block-4 latest-news-btn wpgb-idle-scheme-1 wpgb-hover-accent-1\"><a href=\"https:\/\/www.csogffhub.org\/es\/1700062042\/\/\/3fhi-uganda\/\">View<\/a><\/p><\/div><\/div><\/div><\/div><\/div><\/article><article class=\"wpgb-card wpgb-card-4 wpgb-post-5201\" data-col=\"1\" data-row=\"1\" data-format=\"standard\" data-nothumb><div class=\"wpgb-card-wrapper\"><div class=\"wpgb-card-inner\"><div class=\"wpgb-card-media wpgb-scheme-light\" data-action><div class=\"wpgb-card-media-overlay\"><\/div><div class=\"wpgb-card-media-content\"><div class=\"wpgb-card-media-content-top\"><time class=\"wpgb-block-1\">Nov 2023<\/time><span class=\"wpgb-block-3\"><span class=\"wpgb-block-term\" data-id=\"322\">Sin categorizar<\/span><\/span><\/div><div class=\"wpgb-card-media-content-center\"><h2 class=\"wpgb-block-2\"><a href=\"https:\/\/www.csogffhub.org\/es\/1700061884\/\/\/anjfas-republica-centroafricana\/\">ANJFAS, Rep\u00fablica Centroafricana<\/a><\/h2><\/div><div class=\"wpgb-card-media-content-bottom\"><p class=\"wpgb-block-4 latest-news-btn wpgb-idle-scheme-1 wpgb-hover-accent-1\"><a href=\"https:\/\/www.csogffhub.org\/es\/1700061884\/\/\/anjfas-republica-centroafricana\/\">View<\/a><\/p><\/div><\/div><\/div><\/div><\/div><\/article><article class=\"wpgb-card wpgb-card-4 wpgb-post-5191\" data-col=\"1\" data-row=\"1\" data-format=\"standard\" data-nothumb><div class=\"wpgb-card-wrapper\"><div class=\"wpgb-card-inner\"><div class=\"wpgb-card-media wpgb-scheme-light\" data-action><div class=\"wpgb-card-media-overlay\"><\/div><div class=\"wpgb-card-media-content\"><div class=\"wpgb-card-media-content-top\"><time class=\"wpgb-block-1\">Nov 2023<\/time><span class=\"wpgb-block-3\"><span class=\"wpgb-block-term\" data-id=\"322\">Sin categorizar<\/span><\/span><\/div><div class=\"wpgb-card-media-content-center\"><h2 class=\"wpgb-block-2\"><a href=\"https:\/\/www.csogffhub.org\/es\/1700061714\/\/\/fhido-etiopia\/\">FHIDO, Etiop\u00eda<\/a><\/h2><\/div><div class=\"wpgb-card-media-content-bottom\"><p class=\"wpgb-block-4 latest-news-btn wpgb-idle-scheme-1 wpgb-hover-accent-1\"><a href=\"https:\/\/www.csogffhub.org\/es\/1700061714\/\/\/fhido-etiopia\/\">View<\/a><\/p><\/div><\/div><\/div><\/div><\/div><\/article><article class=\"wpgb-card wpgb-card-4 wpgb-post-5176\" data-col=\"1\" data-row=\"1\" data-format=\"standard\" data-nothumb><div class=\"wpgb-card-wrapper\"><div class=\"wpgb-card-inner\"><div class=\"wpgb-card-media wpgb-scheme-light\" data-action><div class=\"wpgb-card-media-overlay\"><\/div><div class=\"wpgb-card-media-content\"><div class=\"wpgb-card-media-content-top\"><time class=\"wpgb-block-1\">Oct 2023<\/time><span class=\"wpgb-block-3\"><span class=\"wpgb-block-term\" data-id=\"322\">Sin categorizar<\/span><\/span><\/div><div class=\"wpgb-card-media-content-center\"><h2 class=\"wpgb-block-2\"><a href=\"https:\/\/www.csogffhub.org\/es\/1698691217\/\/\/los-miembros-del-cscg-se-movilizaron-en-torno-a-la-campana-gff-deliver-the-future\/\">Los miembros del CSCG se movilizaron en torno a la campa\u00f1a GFF Deliver the Future.<\/a><\/h2><\/div><div class=\"wpgb-card-media-content-bottom\"><p class=\"wpgb-block-4 latest-news-btn wpgb-idle-scheme-1 wpgb-hover-accent-1\"><a href=\"https:\/\/www.csogffhub.org\/es\/1698691217\/\/\/los-miembros-del-cscg-se-movilizaron-en-torno-a-la-campana-gff-deliver-the-future\/\">View<\/a><\/p><\/div><\/div><\/div><\/div><\/div><\/article><article class=\"wpgb-card wpgb-card-4 wpgb-post-5171\" data-col=\"1\" data-row=\"1\" data-format=\"standard\" data-nothumb><div class=\"wpgb-card-wrapper\"><div class=\"wpgb-card-inner\"><div class=\"wpgb-card-media wpgb-scheme-light\" data-action><div class=\"wpgb-card-media-overlay\"><\/div><div class=\"wpgb-card-media-content\"><div class=\"wpgb-card-media-content-top\"><time class=\"wpgb-block-1\">Oct 2023<\/time><span class=\"wpgb-block-3\"><span class=\"wpgb-block-term\" data-id=\"322\">Sin categorizar<\/span><\/span><\/div><div class=\"wpgb-card-media-content-center\"><h2 class=\"wpgb-block-2\"><a href=\"https:\/\/www.csogffhub.org\/es\/1698690568\/\/\/campeones-del-cscg-y-del-gyp-en-las-reuniones-anuales-2023-del-grupo-banco-mundial-y-el-fmi-foro-de-politicas-de-la-sociedad-civil-2023\/\">Campeones del CSCG y del GYP en las Reuniones Anuales 2023 del Grupo Banco Mundial y el FMI Foro de Pol\u00edticas de la Sociedad Civil 2023.<\/a><\/h2><\/div><div class=\"wpgb-card-media-content-bottom\"><p class=\"wpgb-block-4 latest-news-btn wpgb-idle-scheme-1 wpgb-hover-accent-1\"><a href=\"https:\/\/www.csogffhub.org\/es\/1698690568\/\/\/campeones-del-cscg-y-del-gyp-en-las-reuniones-anuales-2023-del-grupo-banco-mundial-y-el-fmi-foro-de-politicas-de-la-sociedad-civil-2023\/\">View<\/a><\/p><\/div><\/div><\/div><\/div><\/div><\/article>\t\t<\/div>\n\t<\/div>\n\t<\/div>\n\t<\/div>\n\t\t<\/div>\n<\/div>\n\n        <\/div>\n\t\t\t\t\t\t<\/div>\n\t\t\t\t<\/div>\n\t\t\t\t\t<\/div>\n\t\t<\/div>\n\t\t\t\t\t<\/div>\n\t\t<\/section>\n\t\t\t\t<\/div>\n\t\t","protected":false},"excerpt":{"rendered":"<p>\u00daltimas Noticias<\/p>\n","protected":false},"author":2,"featured_media":0,"parent":0,"menu_order":0,"comment_status":"closed","ping_status":"closed","template":"template-news-grid.php","meta":{"_acf_changed":false,"_monsterinsights_skip_tracking":false,"_monsterinsights_sitenote_active":false,"_monsterinsights_sitenote_note":"","_monsterinsights_sitenote_category":0,"footnotes":"","_links_to":"","_links_to_target":""},"tags":[],"class_list":["post-4413","page","type-page","status-publish","hentry"],"acf":[],"yoast_head":"<!-- This site is optimized with the Yoast SEO plugin v27.4 - https:\/\/yoast.com\/product\/yoast-seo-wordpress\/ -->\n<title>\u00daltimas Noticias - GFF Hub<\/title>\n<meta name=\"robots\" content=\"index, follow, max-snippet:-1, max-image-preview:large, max-video-preview:-1\" \/>\n<link rel=\"canonical\" href=\"https:\/\/www.csogffhub.org\/es\/ultimas-noticias\/\" \/>\n<meta property=\"og:locale\" content=\"es_ES\" \/>\n<meta property=\"og:type\" content=\"article\" \/>\n<meta property=\"og:title\" content=\"\u00daltimas Noticias - GFF Hub\" \/>\n<meta property=\"og:description\" content=\"\u00daltimas Noticias\" \/>\n<meta property=\"og:url\" content=\"https:\/\/www.csogffhub.org\/es\/ultimas-noticias\/\" \/>\n<meta property=\"og:site_name\" content=\"GFF Hub\" \/>\n<meta property=\"article:modified_time\" content=\"2023-03-24T22:45:38+00:00\" \/>\n<meta name=\"twitter:card\" content=\"summary_large_image\" \/>\n<script type=\"application\/ld+json\" class=\"yoast-schema-graph\">{\"@context\":\"https:\\\/\\\/schema.org\",\"@graph\":[{\"@type\":\"WebPage\",\"@id\":\"https:\\\/\\\/www.csogffhub.org\\\/es\\\/ultimas-noticias\\\/\",\"url\":\"https:\\\/\\\/www.csogffhub.org\\\/es\\\/ultimas-noticias\\\/\",\"name\":\"\u00daltimas Noticias - GFF Hub\",\"isPartOf\":{\"@id\":\"https:\\\/\\\/www.csogffhub.org\\\/es\\\/#website\"},\"datePublished\":\"2019-06-09T15:44:34+00:00\",\"dateModified\":\"2023-03-24T22:45:38+00:00\",\"breadcrumb\":{\"@id\":\"https:\\\/\\\/www.csogffhub.org\\\/es\\\/ultimas-noticias\\\/#breadcrumb\"},\"inLanguage\":\"es\",\"potentialAction\":[{\"@type\":\"ReadAction\",\"target\":[\"https:\\\/\\\/www.csogffhub.org\\\/es\\\/ultimas-noticias\\\/\"]}]},{\"@type\":\"BreadcrumbList\",\"@id\":\"https:\\\/\\\/www.csogffhub.org\\\/es\\\/ultimas-noticias\\\/#breadcrumb\",\"itemListElement\":[{\"@type\":\"ListItem\",\"position\":1,\"name\":\"Home\",\"item\":\"https:\\\/\\\/www.csogffhub.org\\\/es\\\/\"},{\"@type\":\"ListItem\",\"position\":2,\"name\":\"\u00daltimas Noticias\"}]},{\"@type\":\"WebSite\",\"@id\":\"https:\\\/\\\/www.csogffhub.org\\\/es\\\/#website\",\"url\":\"https:\\\/\\\/www.csogffhub.org\\\/es\\\/\",\"name\":\"GFF Hub\",\"description\":\"\",\"publisher\":{\"@id\":\"https:\\\/\\\/www.csogffhub.org\\\/es\\\/#organization\"},\"potentialAction\":[{\"@type\":\"SearchAction\",\"target\":{\"@type\":\"EntryPoint\",\"urlTemplate\":\"https:\\\/\\\/www.csogffhub.org\\\/es\\\/?s={search_term_string}\"},\"query-input\":{\"@type\":\"PropertyValueSpecification\",\"valueRequired\":true,\"valueName\":\"search_term_string\"}}],\"inLanguage\":\"es\"},{\"@type\":\"Organization\",\"@id\":\"https:\\\/\\\/www.csogffhub.org\\\/es\\\/#organization\",\"name\":\"GFF Hub\",\"url\":\"https:\\\/\\\/www.csogffhub.org\\\/es\\\/\",\"logo\":{\"@type\":\"ImageObject\",\"inLanguage\":\"es\",\"@id\":\"https:\\\/\\\/www.csogffhub.org\\\/es\\\/#\\\/schema\\\/logo\\\/image\\\/\",\"url\":\"https:\\\/\\\/www.csogffhub.org\\\/wp-content\\\/uploads\\\/2023\\\/04\\\/gff-cso-logo-1.png\",\"contentUrl\":\"https:\\\/\\\/www.csogffhub.org\\\/wp-content\\\/uploads\\\/2023\\\/04\\\/gff-cso-logo-1.png\",\"width\":1245,\"height\":734,\"caption\":\"GFF Hub\"},\"image\":{\"@id\":\"https:\\\/\\\/www.csogffhub.org\\\/es\\\/#\\\/schema\\\/logo\\\/image\\\/\"}}]}<\/script>\n<!-- \/ Yoast SEO plugin. -->","yoast_head_json":{"title":"\u00daltimas Noticias - GFF Hub","robots":{"index":"index","follow":"follow","max-snippet":"max-snippet:-1","max-image-preview":"max-image-preview:large","max-video-preview":"max-video-preview:-1"},"canonical":"https:\/\/www.csogffhub.org\/es\/ultimas-noticias\/","og_locale":"es_ES","og_type":"article","og_title":"\u00daltimas Noticias - GFF Hub","og_description":"\u00daltimas Noticias","og_url":"https:\/\/www.csogffhub.org\/es\/ultimas-noticias\/","og_site_name":"GFF Hub","article_modified_time":"2023-03-24T22:45:38+00:00","twitter_card":"summary_large_image","schema":{"@context":"https:\/\/schema.org","@graph":[{"@type":"WebPage","@id":"https:\/\/www.csogffhub.org\/es\/ultimas-noticias\/","url":"https:\/\/www.csogffhub.org\/es\/ultimas-noticias\/","name":"\u00daltimas Noticias - GFF Hub","isPartOf":{"@id":"https:\/\/www.csogffhub.org\/es\/#website"},"datePublished":"2019-06-09T15:44:34+00:00","dateModified":"2023-03-24T22:45:38+00:00","breadcrumb":{"@id":"https:\/\/www.csogffhub.org\/es\/ultimas-noticias\/#breadcrumb"},"inLanguage":"es","potentialAction":[{"@type":"ReadAction","target":["https:\/\/www.csogffhub.org\/es\/ultimas-noticias\/"]}]},{"@type":"BreadcrumbList","@id":"https:\/\/www.csogffhub.org\/es\/ultimas-noticias\/#breadcrumb","itemListElement":[{"@type":"ListItem","position":1,"name":"Home","item":"https:\/\/www.csogffhub.org\/es\/"},{"@type":"ListItem","position":2,"name":"\u00daltimas Noticias"}]},{"@type":"WebSite","@id":"https:\/\/www.csogffhub.org\/es\/#website","url":"https:\/\/www.csogffhub.org\/es\/","name":"GFF Hub","description":"","publisher":{"@id":"https:\/\/www.csogffhub.org\/es\/#organization"},"potentialAction":[{"@type":"SearchAction","target":{"@type":"EntryPoint","urlTemplate":"https:\/\/www.csogffhub.org\/es\/?s={search_term_string}"},"query-input":{"@type":"PropertyValueSpecification","valueRequired":true,"valueName":"search_term_string"}}],"inLanguage":"es"},{"@type":"Organization","@id":"https:\/\/www.csogffhub.org\/es\/#organization","name":"GFF Hub","url":"https:\/\/www.csogffhub.org\/es\/","logo":{"@type":"ImageObject","inLanguage":"es","@id":"https:\/\/www.csogffhub.org\/es\/#\/schema\/logo\/image\/","url":"https:\/\/www.csogffhub.org\/wp-content\/uploads\/2023\/04\/gff-cso-logo-1.png","contentUrl":"https:\/\/www.csogffhub.org\/wp-content\/uploads\/2023\/04\/gff-cso-logo-1.png","width":1245,"height":734,"caption":"GFF Hub"},"image":{"@id":"https:\/\/www.csogffhub.org\/es\/#\/schema\/logo\/image\/"}}]}},"_links":{"self":[{"href":"https:\/\/www.csogffhub.org\/es\/wp-json\/wp\/v2\/pages\/4413","targetHints":{"allow":["GET"]}}],"collection":[{"href":"https:\/\/www.csogffhub.org\/es\/wp-json\/wp\/v2\/pages"}],"about":[{"href":"https:\/\/www.csogffhub.org\/es\/wp-json\/wp\/v2\/types\/page"}],"author":[{"embeddable":true,"href":"https:\/\/www.csogffhub.org\/es\/wp-json\/wp\/v2\/users\/2"}],"replies":[{"embeddable":true,"href":"https:\/\/www.csogffhub.org\/es\/wp-json\/wp\/v2\/comments?post=4413"}],"version-history":[{"count":0,"href":"https:\/\/www.csogffhub.org\/es\/wp-json\/wp\/v2\/pages\/4413\/revisions"}],"wp:attachment":[{"href":"https:\/\/www.csogffhub.org\/es\/wp-json\/wp\/v2\/media?parent=4413"}],"wp:term":[{"taxonomy":"post_tag","embeddable":true,"href":"https:\/\/www.csogffhub.org\/es\/wp-json\/wp\/v2\/tags?post=4413"}],"curies":[{"name":"wp","href":"https:\/\/api.w.org\/{rel}","templated":true}]}}