{"id":4408,"date":"2019-06-10T16:29:20","date_gmt":"2019-06-10T16:29:20","guid":{"rendered":"https:\/\/www.csogffhub.org\/epreuves\/"},"modified":"2023-03-24T22:45:49","modified_gmt":"2023-03-24T22:45:49","slug":"epreuves","status":"publish","type":"page","link":"https:\/\/www.csogffhub.org\/fr\/epreuves\/","title":{"rendered":"\u00c9preuves"},"content":{"rendered":"\t\t<div data-elementor-type=\"wp-post\" data-elementor-id=\"4408\" class=\"elementor elementor-4408 elementor-685\" data-elementor-post-type=\"page\">\n\t\t\t\t\t\t<section class=\"elementor-section elementor-top-section elementor-element elementor-element-7a021af elementor-section-full_width elementor-section-height-default elementor-section-height-default\" data-id=\"7a021af\" data-element_type=\"section\" data-settings=\"{&quot;background_background&quot;:&quot;classic&quot;}\">\n\t\t\t\t\t\t<div class=\"elementor-container elementor-column-gap-default\">\n\t\t\t\t\t<div class=\"elementor-column elementor-col-100 elementor-top-column elementor-element elementor-element-966caee\" data-id=\"966caee\" data-element_type=\"column\">\n\t\t\t<div class=\"elementor-widget-wrap elementor-element-populated\">\n\t\t\t\t\t\t<div class=\"elementor-element elementor-element-a7a7a09 elementor-widget elementor-widget-heading\" data-id=\"a7a7a09\" data-element_type=\"widget\" data-widget_type=\"heading.default\">\n\t\t\t\t<div class=\"elementor-widget-container\">\n\t\t\t\t\t<h1 class=\"elementor-heading-title elementor-size-default\">\u00c9preuves<\/h1>\t\t\t\t<\/div>\n\t\t\t\t<\/div>\n\t\t\t\t<div class=\"elementor-element elementor-element-50e036c elementor-widget-divider--view-line elementor-widget elementor-widget-divider\" data-id=\"50e036c\" data-element_type=\"widget\" data-widget_type=\"divider.default\">\n\t\t\t\t<div class=\"elementor-widget-container\">\n\t\t\t\t\t\t\t<div class=\"elementor-divider\">\n\t\t\t<span class=\"elementor-divider-separator\">\n\t\t\t\t\t\t<\/span>\n\t\t<\/div>\n\t\t\t\t\t\t<\/div>\n\t\t\t\t<\/div>\n\t\t\t\t<div class=\"elementor-element elementor-element-5f76915 elementor-widget__width-initial elementor-widget elementor-widget-text-editor\" data-id=\"5f76915\" data-element_type=\"widget\" data-widget_type=\"text-editor.default\">\n\t\t\t\t<div class=\"elementor-widget-container\">\n\t\t\t\t\t\t\t\t\t<p>Le Hub rassemble des organisations de la soci\u00e9t\u00e9 civile travaillant dans les domaines de la sant\u00e9 et de la nutrition sexuelles, reproductives, maternelles, n\u00e9onatales, infantiles et adolescentes des pays du GFF. Voir la liste ci-dessous des \u00e9v\u00e9nements organis\u00e9s pour la soci\u00e9t\u00e9 civile dans les pays du GFF.<\/p>\n\t\t\t\t\t\t\t\t<\/div>\n\t\t\t\t<\/div>\n\t\t\t\t\t<\/div>\n\t\t<\/div>\n\t\t\t\t\t<\/div>\n\t\t<\/section>\n\t\t\t\t<section class=\"elementor-section elementor-top-section elementor-element elementor-element-472d3e8 elementor-section-boxed elementor-section-height-default elementor-section-height-default\" data-id=\"472d3e8\" data-element_type=\"section\">\n\t\t\t\t\t\t<div class=\"elementor-container elementor-column-gap-default\">\n\t\t\t\t\t<div class=\"elementor-column elementor-col-100 elementor-top-column elementor-element elementor-element-5cb0bd2\" data-id=\"5cb0bd2\" data-element_type=\"column\">\n\t\t\t<div class=\"elementor-widget-wrap elementor-element-populated\">\n\t\t\t\t\t\t\t<\/div>\n\t\t<\/div>\n\t\t\t\t\t<\/div>\n\t\t<\/section>\n\t\t\t\t<section class=\"elementor-section elementor-top-section elementor-element elementor-element-4d011ed elementor-section-boxed elementor-section-height-default elementor-section-height-default\" data-id=\"4d011ed\" data-element_type=\"section\">\n\t\t\t\t\t\t<div class=\"elementor-container elementor-column-gap-default\">\n\t\t\t\t\t<div class=\"elementor-column elementor-col-100 elementor-top-column elementor-element elementor-element-0e1c84a\" data-id=\"0e1c84a\" data-element_type=\"column\">\n\t\t\t<div class=\"elementor-widget-wrap elementor-element-populated\">\n\t\t\t\t\t\t<div class=\"elementor-element elementor-element-8314e2c elementor-widget elementor-widget-text-editor\" data-id=\"8314e2c\" data-element_type=\"widget\" data-widget_type=\"text-editor.default\">\n\t\t\t\t<div class=\"elementor-widget-container\">\n\t\t\t\t\t\t\t\t\t<div class=\"mec-wrap mec-skin-list-container  \" id=\"mec_skin_663\">\n    \n    <div id=\"mec_search_form_663\" class=\"mec-search-form mec-totalcal-box\"><div class=\"mec-dropdown-wrap\"><div class=\"mec-dropdown-search\"><i class=\"mec-sl-folder\"><\/i><select name=' ' id='mec_sf_category_663' class='postform'>\n\t<option value='' selected='selected'>Cat\u00e9gorie<\/option>\n<\/select>\n<\/div><\/div><div class=\"mec-text-input-search\"><i class=\"mec-sl-magnifier\"><\/i>\n                    <input type=\"search\" value=\"\" id=\"mec_sf_s_663\" placeholder=\"\" \/>\n                <\/div><\/div>\n        <div class=\"mec-skin-list-events-container\" id=\"mec_skin_events_663\">\n        Aucun \u00e9v\u00e9nement trouv\u00e9 !    <\/div>\n        \n        \n<\/div>\n\t\t\t\t\t\t\t\t<\/div>\n\t\t\t\t<\/div>\n\t\t\t\t\t<\/div>\n\t\t<\/div>\n\t\t\t\t\t<\/div>\n\t\t<\/section>\n\t\t\t\t<\/div>\n\t\t","protected":false},"excerpt":{"rendered":"<p>\u00c9preuves Le Hub rassemble des organisations de la soci\u00e9t\u00e9 civile travaillant dans les domaines de la sant\u00e9 et de la nutrition sexuelles, reproductives, maternelles, n\u00e9onatales, infantiles et adolescentes des pays du GFF. Voir la liste ci-dessous des \u00e9v\u00e9nements organis\u00e9s pour la soci\u00e9t\u00e9 civile dans les pays du GFF.<\/p>\n","protected":false},"author":2,"featured_media":0,"parent":0,"menu_order":0,"comment_status":"closed","ping_status":"closed","template":"elementor_header_footer","meta":{"_acf_changed":false,"_monsterinsights_skip_tracking":false,"_monsterinsights_sitenote_active":false,"_monsterinsights_sitenote_note":"","_monsterinsights_sitenote_category":0,"footnotes":"","_links_to":"","_links_to_target":""},"tags":[],"class_list":["post-4408","page","type-page","status-publish","hentry"],"acf":[],"yoast_head":"<!-- This site is optimized with the Yoast SEO plugin v27.4 - https:\/\/yoast.com\/product\/yoast-seo-wordpress\/ -->\n<title>\u00c9preuves - GFF Hub<\/title>\n<meta name=\"robots\" content=\"index, follow, max-snippet:-1, max-image-preview:large, max-video-preview:-1\" \/>\n<link rel=\"canonical\" href=\"https:\/\/www.csogffhub.org\/fr\/epreuves\/\" \/>\n<meta property=\"og:locale\" content=\"fr_FR\" \/>\n<meta property=\"og:type\" content=\"article\" \/>\n<meta property=\"og:title\" content=\"\u00c9preuves - GFF Hub\" \/>\n<meta property=\"og:description\" content=\"\u00c9preuves Le Hub rassemble des organisations de la soci\u00e9t\u00e9 civile travaillant dans les domaines de la sant\u00e9 et de la nutrition sexuelles, reproductives, maternelles, n\u00e9onatales, infantiles et adolescentes des pays du GFF. Voir la liste ci-dessous des \u00e9v\u00e9nements organis\u00e9s pour la soci\u00e9t\u00e9 civile dans les pays du GFF.\" \/>\n<meta property=\"og:url\" content=\"https:\/\/www.csogffhub.org\/fr\/epreuves\/\" \/>\n<meta property=\"og:site_name\" content=\"GFF Hub\" \/>\n<meta property=\"article:modified_time\" content=\"2023-03-24T22:45:49+00:00\" \/>\n<meta name=\"twitter:card\" content=\"summary_large_image\" \/>\n<script type=\"application\/ld+json\" class=\"yoast-schema-graph\">{\"@context\":\"https:\\\/\\\/schema.org\",\"@graph\":[{\"@type\":\"WebPage\",\"@id\":\"https:\\\/\\\/www.csogffhub.org\\\/fr\\\/epreuves\\\/\",\"url\":\"https:\\\/\\\/www.csogffhub.org\\\/fr\\\/epreuves\\\/\",\"name\":\"\u00c9preuves - GFF Hub\",\"isPartOf\":{\"@id\":\"https:\\\/\\\/www.csogffhub.org\\\/fr\\\/#website\"},\"datePublished\":\"2019-06-10T16:29:20+00:00\",\"dateModified\":\"2023-03-24T22:45:49+00:00\",\"breadcrumb\":{\"@id\":\"https:\\\/\\\/www.csogffhub.org\\\/fr\\\/epreuves\\\/#breadcrumb\"},\"inLanguage\":\"fr-FR\",\"potentialAction\":[{\"@type\":\"ReadAction\",\"target\":[\"https:\\\/\\\/www.csogffhub.org\\\/fr\\\/epreuves\\\/\"]}]},{\"@type\":\"BreadcrumbList\",\"@id\":\"https:\\\/\\\/www.csogffhub.org\\\/fr\\\/epreuves\\\/#breadcrumb\",\"itemListElement\":[{\"@type\":\"ListItem\",\"position\":1,\"name\":\"Home\",\"item\":\"https:\\\/\\\/www.csogffhub.org\\\/fr\\\/gff-hub\\\/\"},{\"@type\":\"ListItem\",\"position\":2,\"name\":\"\u00c9preuves\"}]},{\"@type\":\"WebSite\",\"@id\":\"https:\\\/\\\/www.csogffhub.org\\\/fr\\\/#website\",\"url\":\"https:\\\/\\\/www.csogffhub.org\\\/fr\\\/\",\"name\":\"GFF Hub\",\"description\":\"\",\"publisher\":{\"@id\":\"https:\\\/\\\/www.csogffhub.org\\\/fr\\\/#organization\"},\"potentialAction\":[{\"@type\":\"SearchAction\",\"target\":{\"@type\":\"EntryPoint\",\"urlTemplate\":\"https:\\\/\\\/www.csogffhub.org\\\/fr\\\/?s={search_term_string}\"},\"query-input\":{\"@type\":\"PropertyValueSpecification\",\"valueRequired\":true,\"valueName\":\"search_term_string\"}}],\"inLanguage\":\"fr-FR\"},{\"@type\":\"Organization\",\"@id\":\"https:\\\/\\\/www.csogffhub.org\\\/fr\\\/#organization\",\"name\":\"GFF Hub\",\"url\":\"https:\\\/\\\/www.csogffhub.org\\\/fr\\\/\",\"logo\":{\"@type\":\"ImageObject\",\"inLanguage\":\"fr-FR\",\"@id\":\"https:\\\/\\\/www.csogffhub.org\\\/fr\\\/#\\\/schema\\\/logo\\\/image\\\/\",\"url\":\"https:\\\/\\\/www.csogffhub.org\\\/wp-content\\\/uploads\\\/2023\\\/04\\\/gff-cso-logo-1.png\",\"contentUrl\":\"https:\\\/\\\/www.csogffhub.org\\\/wp-content\\\/uploads\\\/2023\\\/04\\\/gff-cso-logo-1.png\",\"width\":1245,\"height\":734,\"caption\":\"GFF Hub\"},\"image\":{\"@id\":\"https:\\\/\\\/www.csogffhub.org\\\/fr\\\/#\\\/schema\\\/logo\\\/image\\\/\"}}]}<\/script>\n<!-- \/ Yoast SEO plugin. -->","yoast_head_json":{"title":"\u00c9preuves - GFF Hub","robots":{"index":"index","follow":"follow","max-snippet":"max-snippet:-1","max-image-preview":"max-image-preview:large","max-video-preview":"max-video-preview:-1"},"canonical":"https:\/\/www.csogffhub.org\/fr\/epreuves\/","og_locale":"fr_FR","og_type":"article","og_title":"\u00c9preuves - GFF Hub","og_description":"\u00c9preuves Le Hub rassemble des organisations de la soci\u00e9t\u00e9 civile travaillant dans les domaines de la sant\u00e9 et de la nutrition sexuelles, reproductives, maternelles, n\u00e9onatales, infantiles et adolescentes des pays du GFF. Voir la liste ci-dessous des \u00e9v\u00e9nements organis\u00e9s pour la soci\u00e9t\u00e9 civile dans les pays du GFF.","og_url":"https:\/\/www.csogffhub.org\/fr\/epreuves\/","og_site_name":"GFF Hub","article_modified_time":"2023-03-24T22:45:49+00:00","twitter_card":"summary_large_image","schema":{"@context":"https:\/\/schema.org","@graph":[{"@type":"WebPage","@id":"https:\/\/www.csogffhub.org\/fr\/epreuves\/","url":"https:\/\/www.csogffhub.org\/fr\/epreuves\/","name":"\u00c9preuves - GFF Hub","isPartOf":{"@id":"https:\/\/www.csogffhub.org\/fr\/#website"},"datePublished":"2019-06-10T16:29:20+00:00","dateModified":"2023-03-24T22:45:49+00:00","breadcrumb":{"@id":"https:\/\/www.csogffhub.org\/fr\/epreuves\/#breadcrumb"},"inLanguage":"fr-FR","potentialAction":[{"@type":"ReadAction","target":["https:\/\/www.csogffhub.org\/fr\/epreuves\/"]}]},{"@type":"BreadcrumbList","@id":"https:\/\/www.csogffhub.org\/fr\/epreuves\/#breadcrumb","itemListElement":[{"@type":"ListItem","position":1,"name":"Home","item":"https:\/\/www.csogffhub.org\/fr\/gff-hub\/"},{"@type":"ListItem","position":2,"name":"\u00c9preuves"}]},{"@type":"WebSite","@id":"https:\/\/www.csogffhub.org\/fr\/#website","url":"https:\/\/www.csogffhub.org\/fr\/","name":"GFF Hub","description":"","publisher":{"@id":"https:\/\/www.csogffhub.org\/fr\/#organization"},"potentialAction":[{"@type":"SearchAction","target":{"@type":"EntryPoint","urlTemplate":"https:\/\/www.csogffhub.org\/fr\/?s={search_term_string}"},"query-input":{"@type":"PropertyValueSpecification","valueRequired":true,"valueName":"search_term_string"}}],"inLanguage":"fr-FR"},{"@type":"Organization","@id":"https:\/\/www.csogffhub.org\/fr\/#organization","name":"GFF Hub","url":"https:\/\/www.csogffhub.org\/fr\/","logo":{"@type":"ImageObject","inLanguage":"fr-FR","@id":"https:\/\/www.csogffhub.org\/fr\/#\/schema\/logo\/image\/","url":"https:\/\/www.csogffhub.org\/wp-content\/uploads\/2023\/04\/gff-cso-logo-1.png","contentUrl":"https:\/\/www.csogffhub.org\/wp-content\/uploads\/2023\/04\/gff-cso-logo-1.png","width":1245,"height":734,"caption":"GFF Hub"},"image":{"@id":"https:\/\/www.csogffhub.org\/fr\/#\/schema\/logo\/image\/"}}]}},"_links":{"self":[{"href":"https:\/\/www.csogffhub.org\/fr\/wp-json\/wp\/v2\/pages\/4408","targetHints":{"allow":["GET"]}}],"collection":[{"href":"https:\/\/www.csogffhub.org\/fr\/wp-json\/wp\/v2\/pages"}],"about":[{"href":"https:\/\/www.csogffhub.org\/fr\/wp-json\/wp\/v2\/types\/page"}],"author":[{"embeddable":true,"href":"https:\/\/www.csogffhub.org\/fr\/wp-json\/wp\/v2\/users\/2"}],"replies":[{"embeddable":true,"href":"https:\/\/www.csogffhub.org\/fr\/wp-json\/wp\/v2\/comments?post=4408"}],"version-history":[{"count":0,"href":"https:\/\/www.csogffhub.org\/fr\/wp-json\/wp\/v2\/pages\/4408\/revisions"}],"wp:attachment":[{"href":"https:\/\/www.csogffhub.org\/fr\/wp-json\/wp\/v2\/media?parent=4408"}],"wp:term":[{"taxonomy":"post_tag","embeddable":true,"href":"https:\/\/www.csogffhub.org\/fr\/wp-json\/wp\/v2\/tags?post=4408"}],"curies":[{"name":"wp","href":"https:\/\/api.w.org\/{rel}","templated":true}]}}