{"id":4479,"date":"2023-02-06T20:20:02","date_gmt":"2023-02-06T20:20:02","guid":{"rendered":"https:\/\/www.csogffhub.org\/mecanismo-de-reclamacion\/"},"modified":"2023-02-06T20:20:02","modified_gmt":"2023-02-06T20:20:02","slug":"mecanismo-de-reclamacion","status":"publish","type":"page","link":"https:\/\/www.csogffhub.org\/fr\/mecanismo-de-reclamacion\/","title":{"rendered":"Mecanismo de reclamaci\u00f3n"},"content":{"rendered":"<p>PAI act\u00faa como ONG anfitriona dedic\u00e1ndose a promover los esfuerzos de conocimiento e intercambio a trav\u00e9s de esta plataforma el Hub de las OSC y en colaboraci\u00f3n con las OSC y las ODJ en los pa\u00edses socios del GFF.<\/p>\n<p>El Director de Operaciones de PAI es el responsible asignado para gestionar la resoluci\u00f3n de reclamaciones en el marco del proyecto. El mecanismo de reclamaci\u00f3n trata los litigios con prontitud y eficacia, de manera transparente, culturalmente apropiada y f\u00e1cilmente accesible a todas las partes afectadas por el proyecto, sin coste alguno y sin represalias.<\/p>\n<p>El mecanismo de reclamaci\u00f3n del proyecto se ajusta a las normas ambientales y sociales del Banco Mundial <a href=\"https:\/\/www.worldbank.org\/en\/projects-operations\/environmental-and-social-framework\/brief\/environmental-and-social-standards\">Normas medioambientales y sociales<\/a> 2 y 10 (ESS10) del Banco Mundial. Todas las quejas de los socios beneficiarios de la subvenci\u00f3n y aquellas relacionadas con problemas laborales pueden presentarse a trav\u00e9s de este mecanismo. Las quejas pueden presentarse a trav\u00e9s de las siguientes maneras:<\/p>\n<ul>\n<li>Por correo electr\u00f3nico a la direcci\u00f3n <a href=\"mailto:grantsfeedback@pai.org\">grantsfeedback@pai.org<\/a>.<\/li>\n<li>Tel\u00e9fono, mensaje de texto o WhatsApp al +771-217-8727<\/li>\n<li>Acceso en l\u00ednea a trav\u00e9s de <a href=\"https:\/\/www.csogffhub.org\/formulario-de-reclamacion\/\">un formulario en l\u00ednea <\/a> <\/li>\n<li>Por carta o en mano a : PAI<\/li>\n<\/ul>\n<p style=\"padding-left: 120px;\">\u00c0 l\u2019attention de : Director de Operaciones<br \/>\n1300 19th Street, NW &#8211; Suite 200<br \/>\nWashington, DC 20036<\/p>\n<ul>\n<li>Puede enviar su queja por correo electr\u00f3nico a grantsfeedback@pai.org, por correo postal o entregarla en mano en las oficinas de PAI. Si tiene dificultades para rellenar el formulario, p\u00f3ngase en contacto con nosotros en grantsfeedback@pai.org<\/li>\n<\/ul>\n<p>Las quejas presentadas deben incluir lo siguiente:<\/p>\n<ul>\n<li>Nombre del socio beneficiario de la subvenci\u00f3n\/del subeneficiario\/de la organizaci\u00f3n (si se desea mantener el anonimato, puede omitirse)<\/li>\n<li>Nombre del socio beneficiario de la subvenci\u00f3n\/del subeneficiario si procede (si se desea mantener el anonimato, puede omitirse)<\/li>\n<li>Descripci\u00f3n de la reclamaci\u00f3n<\/li>\n<li>Documentaci\u00f3n de la reclamaci\u00f3n<\/li>\n<\/ul>\n<p>Todas las reclamaciones se registrar\u00e1n, clasificar\u00e1n y reflejar\u00e1n en un Registro de reclamaciones en el plazo de dos d\u00edas laborables en EE. UU. a partir de la recepci\u00f3n de la reclamaci\u00f3n. Las quejas recibidas se resumir\u00e1n y divulgar\u00e1n p\u00fablicamente, respetando el anonimato, en el sitio web del Hub de OSC en un plazo de 30 d\u00edas a partir de la recepci\u00f3n de la queja.<\/p>\n<p><strong>Proceso de reclamaci\u00f3n<\/strong><\/p>\n<p>PAI acusar\u00e1 recibo formal de la reclamaci\u00f3n en un plazo de 5 d\u00edas laborables en EE. UU. a partir de la presentaci\u00f3n de la reclamaci\u00f3n. Se proporcionar\u00e1 informaci\u00f3n por escrito para que quede constancia y registro de la correspondencia. Este acuse de recibo incluir\u00eda un resumen de la reclamaci\u00f3n, el enfoque de PAI para responder a la reclamaci\u00f3n y un plazo estimado en el que se emitir\u00e1 la respuesta final. PAI tambi\u00e9n aprovechar\u00e1 el acuse de recibo para aclarar cuestiones de la queja o solicitar m\u00e1s informaci\u00f3n si es necesario.<\/p>\n<p>Si una reclamaci\u00f3n se considera fuera del alcance del mecanismo de reclamaci\u00f3n, PAI redactar\u00e1 una comunicaci\u00f3n explicando por qu\u00e9 est\u00e1 fuera del alcance y proporcionando orientaci\u00f3n sobre d\u00f3nde acudir para que se aborde trate la cuesti\u00f3n (si es posible). PAI seguir\u00e1 el proceso que se indica a continuaci\u00f3n:<\/p>\n<ol>\n<li>Examen<\/li>\n<\/ol>\n<p>Se examinar\u00e1 cada queja para determinar la respuesta adecuada.<\/p>\n<ol start=\"2\">\n<li>Investigaci\u00f3n<\/li>\n<\/ol>\n<p>El Director de Operaciones de PAI dirigir\u00e1 la investigaci\u00f3n de la queja. Los resultados de la investigaci\u00f3n se utilizar\u00e1n para documentar el proceso de toma de decisiones e informar sobre la soluci\u00f3n propuesta.<\/p>\n<ol start=\"3\">\n<li>Respuesta<\/li>\n<\/ol>\n<p>PAI responder\u00e1 formalmente utilizando el veh\u00edculo de comunicaci\u00f3n adecuado en los idiomas apropiados. Toda la informaci\u00f3n sobre la reclamaci\u00f3n se documentar\u00e1 y se har\u00e1 un seguimiento de las acciones en el Registro de Reclamaciones.<\/p>\n<ol start=\"4\">\n<li>Seguimiento y cierre<\/li>\n<\/ol>\n<p>PAI se pondr\u00e1 en contacto con el denunciante para comunicarle formalmente el resultado de la investigaci\u00f3n y los pasos a seguir. \u00c9stas se inscriben en el registro de reclamaciones junto con la documentaci\u00f3n justificativa. En caso necesario, se establecer\u00e1n mecanismos de control para verificar su aplicaci\u00f3n.<\/p>\n<p>Una vez resuelta, la queja quedar\u00e1 formalmente archivada. Esto incluye solicitar al reclamante que firme un formulario de finalizaci\u00f3n para documentar su satisfacci\u00f3n con las acciones de resoluci\u00f3n, documentar las acciones tomadas y cerrar en el Registro de Reclamaciones.<\/p>\n<p>Tenga en cuenta que, si as\u00ed lo solicita, haremos todo lo posible por proteger su anonimato, a menos que nos d\u00e9 su consentimiento.<\/p>\n<div id=\"tw-target-text-container\" class=\"tw-ta-container F0azHf tw-nfl\" style=\"text-align: center;\" tabindex=\"0\">\n<pre id=\"tw-target-text\" class=\"tw-data-text tw-text-large tw-ta\" dir=\"ltr\" data-placeholder=\"Translation\"><strong><span style=\"color: #ff5200;\"><a style=\"color: #ff5200;\" href=\"https:\/\/www.csogffhub.org\/formulario-de-reclamacion\/\"><span class=\"Y2IQFc\" lang=\"es\" style=\"font-family: georgia, palatino, serif; font-size: 24pt;\">formulario de quejas en l\u00ednea<\/span><\/a><\/span><\/strong><\/pre>\n<\/div>\n<div class=\"iYB33c\">\n<div id=\"tw-tmenu\" class=\"tw-menu\"><\/div>\n<\/div>\n","protected":false},"excerpt":{"rendered":"<p>PAI act\u00faa como ONG anfitriona dedic\u00e1ndose a promover los esfuerzos de conocimiento e intercambio a trav\u00e9s de esta plataforma el Hub de las OSC y en colaboraci\u00f3n con las OSC y las ODJ en los pa\u00edses socios del GFF. El Director de Operaciones de PAI es el responsible asignado para gestionar la resoluci\u00f3n de reclamaciones [&hellip;]<\/p>\n","protected":false},"author":10,"featured_media":0,"parent":0,"menu_order":0,"comment_status":"closed","ping_status":"closed","template":"","meta":{"_acf_changed":false,"_monsterinsights_skip_tracking":false,"_monsterinsights_sitenote_active":false,"_monsterinsights_sitenote_note":"","_monsterinsights_sitenote_category":0,"footnotes":"","_links_to":"","_links_to_target":""},"tags":[],"class_list":["post-4479","page","type-page","status-publish","hentry"],"acf":[],"yoast_head":"<!-- This site is optimized with the Yoast SEO plugin v26.8 - https:\/\/yoast.com\/product\/yoast-seo-wordpress\/ -->\n<title>Mecanismo de reclamaci\u00f3n - GFF Hub<\/title>\n<meta name=\"robots\" content=\"index, follow, max-snippet:-1, max-image-preview:large, max-video-preview:-1\" \/>\n<link rel=\"canonical\" href=\"https:\/\/www.csogffhub.org\/fr\/mecanismo-de-reclamacion\/\" \/>\n<meta property=\"og:locale\" content=\"fr_FR\" \/>\n<meta property=\"og:type\" content=\"article\" \/>\n<meta property=\"og:title\" content=\"Mecanismo de reclamaci\u00f3n - GFF Hub\" \/>\n<meta property=\"og:description\" content=\"PAI act\u00faa como ONG anfitriona dedic\u00e1ndose a promover los esfuerzos de conocimiento e intercambio a trav\u00e9s de esta plataforma el Hub de las OSC y en colaboraci\u00f3n con las OSC y las ODJ en los pa\u00edses socios del GFF. El Director de Operaciones de PAI es el responsible asignado para gestionar la resoluci\u00f3n de reclamaciones [&hellip;]\" \/>\n<meta property=\"og:url\" content=\"https:\/\/www.csogffhub.org\/fr\/mecanismo-de-reclamacion\/\" \/>\n<meta property=\"og:site_name\" content=\"GFF Hub\" \/>\n<meta name=\"twitter:card\" content=\"summary_large_image\" \/>\n<meta name=\"twitter:label1\" content=\"Dur\u00e9e de lecture estim\u00e9e\" \/>\n\t<meta name=\"twitter:data1\" content=\"4 minutes\" \/>\n<script type=\"application\/ld+json\" class=\"yoast-schema-graph\">{\"@context\":\"https:\/\/schema.org\",\"@graph\":[{\"@type\":\"WebPage\",\"@id\":\"https:\/\/www.csogffhub.org\/fr\/mecanismo-de-reclamacion\/\",\"url\":\"https:\/\/www.csogffhub.org\/fr\/mecanismo-de-reclamacion\/\",\"name\":\"Mecanismo de reclamaci\u00f3n - GFF Hub\",\"isPartOf\":{\"@id\":\"https:\/\/www.csogffhub.org\/fr\/#website\"},\"datePublished\":\"2023-02-06T20:20:02+00:00\",\"breadcrumb\":{\"@id\":\"https:\/\/www.csogffhub.org\/fr\/mecanismo-de-reclamacion\/#breadcrumb\"},\"inLanguage\":\"fr-FR\",\"potentialAction\":[{\"@type\":\"ReadAction\",\"target\":[\"https:\/\/www.csogffhub.org\/fr\/mecanismo-de-reclamacion\/\"]}]},{\"@type\":\"BreadcrumbList\",\"@id\":\"https:\/\/www.csogffhub.org\/fr\/mecanismo-de-reclamacion\/#breadcrumb\",\"itemListElement\":[{\"@type\":\"ListItem\",\"position\":1,\"name\":\"Home\",\"item\":\"https:\/\/www.csogffhub.org\/fr\/gff-hub\/\"},{\"@type\":\"ListItem\",\"position\":2,\"name\":\"Mecanismo de reclamaci\u00f3n\"}]},{\"@type\":\"WebSite\",\"@id\":\"https:\/\/www.csogffhub.org\/fr\/#website\",\"url\":\"https:\/\/www.csogffhub.org\/fr\/\",\"name\":\"GFF Hub\",\"description\":\"\",\"publisher\":{\"@id\":\"https:\/\/www.csogffhub.org\/fr\/#organization\"},\"potentialAction\":[{\"@type\":\"SearchAction\",\"target\":{\"@type\":\"EntryPoint\",\"urlTemplate\":\"https:\/\/www.csogffhub.org\/fr\/?s={search_term_string}\"},\"query-input\":{\"@type\":\"PropertyValueSpecification\",\"valueRequired\":true,\"valueName\":\"search_term_string\"}}],\"inLanguage\":\"fr-FR\"},{\"@type\":\"Organization\",\"@id\":\"https:\/\/www.csogffhub.org\/fr\/#organization\",\"name\":\"GFF Hub\",\"url\":\"https:\/\/www.csogffhub.org\/fr\/\",\"logo\":{\"@type\":\"ImageObject\",\"inLanguage\":\"fr-FR\",\"@id\":\"https:\/\/www.csogffhub.org\/fr\/#\/schema\/logo\/image\/\",\"url\":\"https:\/\/www.csogffhub.org\/wp-content\/uploads\/2023\/04\/gff-cso-logo-1.png\",\"contentUrl\":\"https:\/\/www.csogffhub.org\/wp-content\/uploads\/2023\/04\/gff-cso-logo-1.png\",\"width\":1245,\"height\":734,\"caption\":\"GFF Hub\"},\"image\":{\"@id\":\"https:\/\/www.csogffhub.org\/fr\/#\/schema\/logo\/image\/\"}}]}<\/script>\n<!-- \/ Yoast SEO plugin. -->","yoast_head_json":{"title":"Mecanismo de reclamaci\u00f3n - GFF Hub","robots":{"index":"index","follow":"follow","max-snippet":"max-snippet:-1","max-image-preview":"max-image-preview:large","max-video-preview":"max-video-preview:-1"},"canonical":"https:\/\/www.csogffhub.org\/fr\/mecanismo-de-reclamacion\/","og_locale":"fr_FR","og_type":"article","og_title":"Mecanismo de reclamaci\u00f3n - GFF Hub","og_description":"PAI act\u00faa como ONG anfitriona dedic\u00e1ndose a promover los esfuerzos de conocimiento e intercambio a trav\u00e9s de esta plataforma el Hub de las OSC y en colaboraci\u00f3n con las OSC y las ODJ en los pa\u00edses socios del GFF. El Director de Operaciones de PAI es el responsible asignado para gestionar la resoluci\u00f3n de reclamaciones [&hellip;]","og_url":"https:\/\/www.csogffhub.org\/fr\/mecanismo-de-reclamacion\/","og_site_name":"GFF Hub","twitter_card":"summary_large_image","twitter_misc":{"Dur\u00e9e de lecture estim\u00e9e":"4 minutes"},"schema":{"@context":"https:\/\/schema.org","@graph":[{"@type":"WebPage","@id":"https:\/\/www.csogffhub.org\/fr\/mecanismo-de-reclamacion\/","url":"https:\/\/www.csogffhub.org\/fr\/mecanismo-de-reclamacion\/","name":"Mecanismo de reclamaci\u00f3n - GFF Hub","isPartOf":{"@id":"https:\/\/www.csogffhub.org\/fr\/#website"},"datePublished":"2023-02-06T20:20:02+00:00","breadcrumb":{"@id":"https:\/\/www.csogffhub.org\/fr\/mecanismo-de-reclamacion\/#breadcrumb"},"inLanguage":"fr-FR","potentialAction":[{"@type":"ReadAction","target":["https:\/\/www.csogffhub.org\/fr\/mecanismo-de-reclamacion\/"]}]},{"@type":"BreadcrumbList","@id":"https:\/\/www.csogffhub.org\/fr\/mecanismo-de-reclamacion\/#breadcrumb","itemListElement":[{"@type":"ListItem","position":1,"name":"Home","item":"https:\/\/www.csogffhub.org\/fr\/gff-hub\/"},{"@type":"ListItem","position":2,"name":"Mecanismo de reclamaci\u00f3n"}]},{"@type":"WebSite","@id":"https:\/\/www.csogffhub.org\/fr\/#website","url":"https:\/\/www.csogffhub.org\/fr\/","name":"GFF Hub","description":"","publisher":{"@id":"https:\/\/www.csogffhub.org\/fr\/#organization"},"potentialAction":[{"@type":"SearchAction","target":{"@type":"EntryPoint","urlTemplate":"https:\/\/www.csogffhub.org\/fr\/?s={search_term_string}"},"query-input":{"@type":"PropertyValueSpecification","valueRequired":true,"valueName":"search_term_string"}}],"inLanguage":"fr-FR"},{"@type":"Organization","@id":"https:\/\/www.csogffhub.org\/fr\/#organization","name":"GFF Hub","url":"https:\/\/www.csogffhub.org\/fr\/","logo":{"@type":"ImageObject","inLanguage":"fr-FR","@id":"https:\/\/www.csogffhub.org\/fr\/#\/schema\/logo\/image\/","url":"https:\/\/www.csogffhub.org\/wp-content\/uploads\/2023\/04\/gff-cso-logo-1.png","contentUrl":"https:\/\/www.csogffhub.org\/wp-content\/uploads\/2023\/04\/gff-cso-logo-1.png","width":1245,"height":734,"caption":"GFF Hub"},"image":{"@id":"https:\/\/www.csogffhub.org\/fr\/#\/schema\/logo\/image\/"}}]}},"_links":{"self":[{"href":"https:\/\/www.csogffhub.org\/fr\/wp-json\/wp\/v2\/pages\/4479","targetHints":{"allow":["GET"]}}],"collection":[{"href":"https:\/\/www.csogffhub.org\/fr\/wp-json\/wp\/v2\/pages"}],"about":[{"href":"https:\/\/www.csogffhub.org\/fr\/wp-json\/wp\/v2\/types\/page"}],"author":[{"embeddable":true,"href":"https:\/\/www.csogffhub.org\/fr\/wp-json\/wp\/v2\/users\/10"}],"replies":[{"embeddable":true,"href":"https:\/\/www.csogffhub.org\/fr\/wp-json\/wp\/v2\/comments?post=4479"}],"version-history":[{"count":0,"href":"https:\/\/www.csogffhub.org\/fr\/wp-json\/wp\/v2\/pages\/4479\/revisions"}],"wp:attachment":[{"href":"https:\/\/www.csogffhub.org\/fr\/wp-json\/wp\/v2\/media?parent=4479"}],"wp:term":[{"taxonomy":"post_tag","embeddable":true,"href":"https:\/\/www.csogffhub.org\/fr\/wp-json\/wp\/v2\/tags?post=4479"}],"curies":[{"name":"wp","href":"https:\/\/api.w.org\/{rel}","templated":true}]}}