{"id":971,"date":"2019-06-08T11:33:40","date_gmt":"2019-06-08T11:33:40","guid":{"rendered":"https:\/\/www.csogffhub.org\/gff-hub\/"},"modified":"2023-08-15T20:20:28","modified_gmt":"2023-08-15T20:20:28","slug":"gff-hub","status":"publish","type":"page","link":"https:\/\/www.csogffhub.org\/fr\/","title":{"rendered":"Hub GFF"},"content":{"rendered":"","protected":false},"excerpt":{"rendered":"","protected":false},"author":2,"featured_media":0,"parent":0,"menu_order":0,"comment_status":"closed","ping_status":"closed","template":"","meta":{"_acf_changed":false,"_monsterinsights_skip_tracking":false,"_monsterinsights_sitenote_active":false,"_monsterinsights_sitenote_note":"","_monsterinsights_sitenote_category":0,"footnotes":"","_links_to":"","_links_to_target":""},"tags":[],"class_list":["post-971","page","type-page","status-publish","hentry"],"acf":[],"yoast_head":"<!-- This site is optimized with the Yoast SEO plugin v26.8 - https:\/\/yoast.com\/product\/yoast-seo-wordpress\/ -->\n<title>Le Centre de ressources et d\u2019engagement de la soci\u00e9t\u00e9 civile du GFF<\/title>\n<meta name=\"description\" content=\"Le centre de ressources et d\u2019engagement CS du GFF est une initiative pluriannuelle visant \u00e0 aider les organisations de d\u00e9fense de la soci\u00e9t\u00e9 civile \u00e0 contribuer aux r\u00e9sultats d\u2019investissement du GFF.\" \/>\n<meta name=\"robots\" content=\"index, follow, max-snippet:-1, max-image-preview:large, max-video-preview:-1\" \/>\n<link rel=\"canonical\" href=\"https:\/\/www.csogffhub.org\/fr\/\" \/>\n<meta property=\"og:locale\" content=\"fr_FR\" \/>\n<meta property=\"og:type\" content=\"article\" \/>\n<meta property=\"og:title\" content=\"Le Centre de ressources et d\u2019engagement de la soci\u00e9t\u00e9 civile du GFF\" \/>\n<meta property=\"og:description\" content=\"Le centre de ressources et d\u2019engagement CS du GFF est une initiative pluriannuelle visant \u00e0 aider les organisations de d\u00e9fense de la soci\u00e9t\u00e9 civile \u00e0 contribuer aux r\u00e9sultats d\u2019investissement du GFF.\" \/>\n<meta property=\"og:url\" content=\"https:\/\/www.csogffhub.org\/fr\/\" \/>\n<meta property=\"og:site_name\" content=\"GFF Hub\" \/>\n<meta property=\"article:modified_time\" content=\"2023-08-15T20:20:28+00:00\" \/>\n<meta name=\"twitter:card\" content=\"summary_large_image\" \/>\n<script type=\"application\/ld+json\" class=\"yoast-schema-graph\">{\"@context\":\"https:\/\/schema.org\",\"@graph\":[{\"@type\":\"WebPage\",\"@id\":\"https:\/\/www.csogffhub.org\/fr\/\",\"url\":\"https:\/\/www.csogffhub.org\/fr\/\",\"name\":\"Le Centre de ressources et d\u2019engagement de la soci\u00e9t\u00e9 civile du GFF\",\"isPartOf\":{\"@id\":\"https:\/\/www.csogffhub.org\/fr\/#website\"},\"datePublished\":\"2019-06-08T11:33:40+00:00\",\"dateModified\":\"2023-08-15T20:20:28+00:00\",\"description\":\"Le centre de ressources et d\u2019engagement CS du GFF est une initiative pluriannuelle visant \u00e0 aider les organisations de d\u00e9fense de la soci\u00e9t\u00e9 civile \u00e0 contribuer aux r\u00e9sultats d\u2019investissement du GFF.\",\"breadcrumb\":{\"@id\":\"https:\/\/www.csogffhub.org\/fr\/#breadcrumb\"},\"inLanguage\":\"fr-FR\",\"potentialAction\":[{\"@type\":\"ReadAction\",\"target\":[\"https:\/\/www.csogffhub.org\/fr\/\"]}]},{\"@type\":\"BreadcrumbList\",\"@id\":\"https:\/\/www.csogffhub.org\/fr\/#breadcrumb\",\"itemListElement\":[{\"@type\":\"ListItem\",\"position\":1,\"name\":\"Home\",\"item\":\"https:\/\/www.csogffhub.org\/fr\/gff-hub\/\"},{\"@type\":\"ListItem\",\"position\":2,\"name\":\"Hub GFF\"}]},{\"@type\":\"WebSite\",\"@id\":\"https:\/\/www.csogffhub.org\/fr\/#website\",\"url\":\"https:\/\/www.csogffhub.org\/fr\/\",\"name\":\"GFF Hub\",\"description\":\"\",\"publisher\":{\"@id\":\"https:\/\/www.csogffhub.org\/fr\/#organization\"},\"potentialAction\":[{\"@type\":\"SearchAction\",\"target\":{\"@type\":\"EntryPoint\",\"urlTemplate\":\"https:\/\/www.csogffhub.org\/fr\/?s={search_term_string}\"},\"query-input\":{\"@type\":\"PropertyValueSpecification\",\"valueRequired\":true,\"valueName\":\"search_term_string\"}}],\"inLanguage\":\"fr-FR\"},{\"@type\":\"Organization\",\"@id\":\"https:\/\/www.csogffhub.org\/fr\/#organization\",\"name\":\"GFF Hub\",\"url\":\"https:\/\/www.csogffhub.org\/fr\/\",\"logo\":{\"@type\":\"ImageObject\",\"inLanguage\":\"fr-FR\",\"@id\":\"https:\/\/www.csogffhub.org\/fr\/#\/schema\/logo\/image\/\",\"url\":\"https:\/\/www.csogffhub.org\/wp-content\/uploads\/2023\/04\/gff-cso-logo-1.png\",\"contentUrl\":\"https:\/\/www.csogffhub.org\/wp-content\/uploads\/2023\/04\/gff-cso-logo-1.png\",\"width\":1245,\"height\":734,\"caption\":\"GFF Hub\"},\"image\":{\"@id\":\"https:\/\/www.csogffhub.org\/fr\/#\/schema\/logo\/image\/\"}}]}<\/script>\n<!-- \/ Yoast SEO plugin. -->","yoast_head_json":{"title":"Le Centre de ressources et d\u2019engagement de la soci\u00e9t\u00e9 civile du GFF","description":"Le centre de ressources et d\u2019engagement CS du GFF est une initiative pluriannuelle visant \u00e0 aider les organisations de d\u00e9fense de la soci\u00e9t\u00e9 civile \u00e0 contribuer aux r\u00e9sultats d\u2019investissement du GFF.","robots":{"index":"index","follow":"follow","max-snippet":"max-snippet:-1","max-image-preview":"max-image-preview:large","max-video-preview":"max-video-preview:-1"},"canonical":"https:\/\/www.csogffhub.org\/fr\/","og_locale":"fr_FR","og_type":"article","og_title":"Le Centre de ressources et d\u2019engagement de la soci\u00e9t\u00e9 civile du GFF","og_description":"Le centre de ressources et d\u2019engagement CS du GFF est une initiative pluriannuelle visant \u00e0 aider les organisations de d\u00e9fense de la soci\u00e9t\u00e9 civile \u00e0 contribuer aux r\u00e9sultats d\u2019investissement du GFF.","og_url":"https:\/\/www.csogffhub.org\/fr\/","og_site_name":"GFF Hub","article_modified_time":"2023-08-15T20:20:28+00:00","twitter_card":"summary_large_image","schema":{"@context":"https:\/\/schema.org","@graph":[{"@type":"WebPage","@id":"https:\/\/www.csogffhub.org\/fr\/","url":"https:\/\/www.csogffhub.org\/fr\/","name":"Le Centre de ressources et d\u2019engagement de la soci\u00e9t\u00e9 civile du GFF","isPartOf":{"@id":"https:\/\/www.csogffhub.org\/fr\/#website"},"datePublished":"2019-06-08T11:33:40+00:00","dateModified":"2023-08-15T20:20:28+00:00","description":"Le centre de ressources et d\u2019engagement CS du GFF est une initiative pluriannuelle visant \u00e0 aider les organisations de d\u00e9fense de la soci\u00e9t\u00e9 civile \u00e0 contribuer aux r\u00e9sultats d\u2019investissement du GFF.","breadcrumb":{"@id":"https:\/\/www.csogffhub.org\/fr\/#breadcrumb"},"inLanguage":"fr-FR","potentialAction":[{"@type":"ReadAction","target":["https:\/\/www.csogffhub.org\/fr\/"]}]},{"@type":"BreadcrumbList","@id":"https:\/\/www.csogffhub.org\/fr\/#breadcrumb","itemListElement":[{"@type":"ListItem","position":1,"name":"Home","item":"https:\/\/www.csogffhub.org\/fr\/gff-hub\/"},{"@type":"ListItem","position":2,"name":"Hub GFF"}]},{"@type":"WebSite","@id":"https:\/\/www.csogffhub.org\/fr\/#website","url":"https:\/\/www.csogffhub.org\/fr\/","name":"GFF Hub","description":"","publisher":{"@id":"https:\/\/www.csogffhub.org\/fr\/#organization"},"potentialAction":[{"@type":"SearchAction","target":{"@type":"EntryPoint","urlTemplate":"https:\/\/www.csogffhub.org\/fr\/?s={search_term_string}"},"query-input":{"@type":"PropertyValueSpecification","valueRequired":true,"valueName":"search_term_string"}}],"inLanguage":"fr-FR"},{"@type":"Organization","@id":"https:\/\/www.csogffhub.org\/fr\/#organization","name":"GFF Hub","url":"https:\/\/www.csogffhub.org\/fr\/","logo":{"@type":"ImageObject","inLanguage":"fr-FR","@id":"https:\/\/www.csogffhub.org\/fr\/#\/schema\/logo\/image\/","url":"https:\/\/www.csogffhub.org\/wp-content\/uploads\/2023\/04\/gff-cso-logo-1.png","contentUrl":"https:\/\/www.csogffhub.org\/wp-content\/uploads\/2023\/04\/gff-cso-logo-1.png","width":1245,"height":734,"caption":"GFF Hub"},"image":{"@id":"https:\/\/www.csogffhub.org\/fr\/#\/schema\/logo\/image\/"}}]}},"_links":{"self":[{"href":"https:\/\/www.csogffhub.org\/fr\/wp-json\/wp\/v2\/pages\/971","targetHints":{"allow":["GET"]}}],"collection":[{"href":"https:\/\/www.csogffhub.org\/fr\/wp-json\/wp\/v2\/pages"}],"about":[{"href":"https:\/\/www.csogffhub.org\/fr\/wp-json\/wp\/v2\/types\/page"}],"author":[{"embeddable":true,"href":"https:\/\/www.csogffhub.org\/fr\/wp-json\/wp\/v2\/users\/2"}],"replies":[{"embeddable":true,"href":"https:\/\/www.csogffhub.org\/fr\/wp-json\/wp\/v2\/comments?post=971"}],"version-history":[{"count":0,"href":"https:\/\/www.csogffhub.org\/fr\/wp-json\/wp\/v2\/pages\/971\/revisions"}],"wp:attachment":[{"href":"https:\/\/www.csogffhub.org\/fr\/wp-json\/wp\/v2\/media?parent=971"}],"wp:term":[{"taxonomy":"post_tag","embeddable":true,"href":"https:\/\/www.csogffhub.org\/fr\/wp-json\/wp\/v2\/tags?post=971"}],"curies":[{"name":"wp","href":"https:\/\/api.w.org\/{rel}","templated":true}]}}